{"id":92,"date":"2023-05-31T10:00:10","date_gmt":"2023-05-31T14:00:10","guid":{"rendered":"https:\/\/consolatozurigo.esteri.it\/?page_id=92"},"modified":"2025-03-31T09:11:14","modified_gmt":"2025-03-31T13:11:14","slug":"codice-fiscale","status":"publish","type":"page","link":"https:\/\/consboston.esteri.it\/it\/servizi-consolari-e-visti\/servizi-per-il-cittadino-italiano\/codice-fiscale\/","title":{"rendered":"Codice fiscale"},"content":{"rendered":"<p><strong>Codice fiscale<\/strong><\/p>\n<ol>\n<li><strong>Cos\u2019\u00e8<\/strong><\/li>\n<li><strong>A cosa serve?<\/strong><\/li>\n<li><strong>Come presentare la richiesta<\/strong><\/li>\n<li><strong>Cos\u2019\u00e8<\/strong><\/li>\n<\/ol>\n<p>Il codice fiscale \u00e8 il codice alfanumerico rilasciato dall\u2019Agenzia delle Entrate per identificare il cittadino italiano o straniero nei rapporti con le amministrazioni pubbliche, i privati e gli enti, italiani. Per le persone fisiche il codice fiscale viene determinato sulla base dei dati anagrafici.<\/p>\n<ol start=\"2\">\n<li><strong>A cosa serve?<\/strong><\/li>\n<\/ol>\n<p>Qualsiasi adempimento amministrativo (versamento di tasse, imposte, canoni, ecc.) o attivit\u00e0 negoziale (accettazione di eredit\u00e0, contratti con soggetti pubblici o privati, richiesta di finanziamenti, sponsorizzazioni, locazioni o comodati di bene immobile ecc.) esige l\u2019indicazione del codice fiscale del soggetto che la effettua.<\/p>\n<p>&nbsp;<\/p>\n<ol start=\"3\">\n<li><strong>Come presentare la richiesta<\/strong><\/li>\n<\/ol>\n<p><strong><u>Si prega di leggere attentamente le istruzioni in calce prima di procedere con la richiesta.\u00a0<\/u><\/strong><\/p>\n<p><strong><u>A \u2013 CITTADINI ITALIANI RESIDENTI ALL\u2019ESTERO ISCRITTI AIRE DELLA NOSTRA CIRCOSCRIZIONE CONSOLARE<\/u><\/strong><\/p>\n<p>I cittadini italiani maggiorenni iscritti all\u2019AIRE possono\u00a0<strong>chiedere<\/strong>\u00a0<strong>il codice fiscale<\/strong>, per se stessi e per i figli minorenni, attraverso il portale telematico Fast-it accedendo al relativo servizio e seguendo le indicazioni. Sempre attraverso il\u00a0<strong>portale Fast-it<\/strong>\u00a0sar\u00e0 possibile scaricare il certificato di attestazione del codice fiscale, una volta che sar\u00e0 stata completata la lavorazione della pratica. In questo caso non sar\u00e0 necessario l\u2019intervento del Consolato per il rilascio del certificato.<\/p>\n<p>&nbsp;<\/p>\n<p><strong><em>Come?<\/em><\/strong><\/p>\n<ol>\n<li>Accedi al\u00a0<a href=\"https:\/\/serviziconsolari.esteri.it\/ScoFE\/index.sco\">Portale Fast It<\/a>;<\/li>\n<li>Registrati sul\u00a0<a href=\"https:\/\/serviziconsolari.esteri.it\/#_blank\">portale FAST IT<\/a>, oppure accedi se hai gi\u00e0 un account attivo<\/li>\n<li>Clicca su \u201cAnagrafe Consolare e AIRE\u201d e poi su\u00a0<strong>\u201cAttribuzione Codice Fiscale\u201d;<\/strong><\/li>\n<li>Conferma i dati e avvia la richiesta;<\/li>\n<li>Non appena la pratica verr\u00e0 definita da questo Consolato, si potr\u00e0 scaricare il certificato di attestazione del Codice Fiscale per s\u00e9 e per gli eventuali figli minorenni per cui \u00e8 andata a buon fine la richiesta.<\/li>\n<\/ol>\n<p><strong><em>Se non riesci a scaricare<\/em><\/strong><em>\u00a0il certificato di attribuzione del Codice Fiscale:<\/em><\/p>\n<ol>\n<li>Dopo aver effettuata la registrazione, richiedi l\u2019 \u201cAssociazione Online\u201d cliccando su \u201cAnagrafe Consolare e AIRE\u201d e poi su \u201cVisualizzare la propria scheda anagrafica\u201d;<\/li>\n<li>Riceverai successivamente sulla tua casella di posta il messaggio di avvenuta associazione.<\/li>\n<li>Accedi nuovamente al portale e scarica il certificato.<\/li>\n<\/ol>\n<p>&nbsp;<\/p>\n<p><strong><u>B \u2013 CITTADINI STRANIERI NON RESIDENTI IN ITALIA MA RESIDENTI NELLA NOSTRA CIRCOSCRIZIONE CONSOLARE<\/u><\/strong><\/p>\n<p>Il cittadino straniero non residente in Italia deve\u00a0<strong>delegare<\/strong>\u00a0appositamente un soggetto a presentare il modello di richiesta del Codice Fiscale direttamente ad un qualunque ufficio dell\u2019Agenzia delle Entrate dislocato sul territorio italiano, ai sensi dell\u2019art. 1 del D.M. attuativo del Decreto 17 maggio 2001, n. 281.<\/p>\n<p>Gli indirizzi degli uffici dell\u2019Agenzia delle Entrate sono reperibili sul sito Internet\u00a0<a href=\"http:\/\/www.agenziaentrate.it\/\">www.agenziaentrate.it<\/a><\/p>\n<p>Il Codice Fiscale pu\u00f2 essere chiesto dal cittadino straniero all\u2019<strong><u>Ufficio consolare italiano competente per residenza<\/u><\/strong><u>\u00a0solo nei casi in cui il C.F. sia necessario per procedure da effettuare online e\/o per le quali lo straniero sia impossibilitato a delegare un incaricato per la richiesta all\u2019Agenzia delle Entrate:<\/u>\u00a0in tali casi l\u2019Ufficio consolare provveder\u00e0 ad inoltrare la richiesta all\u2019Agenzia delle Entrate in Italia.<\/p>\n<p><strong>B.1. MODALITA\u2019 DI PRESENTAZIONE DELLA DOMANDA DI C.F. ALL\u2019UFFICIO CONSOLARE\u00a0<\/strong><\/p>\n<p>Ogni richiesta dovr\u00e0 essere inviata all\u2019indirizzo\u00a0<a href=\"mailto:sociale.boston@esteri.it\"><strong>sociale.boston@esteri.it<\/strong><\/a><strong>.\u00a0singolarmente<\/strong>\u00a0dall\u2019indirizzo email del richiedente, e dovr\u00e0\u00a0<strong>riportare nell\u2019oggetto<\/strong>\u00a0<strong>COGNOME, NOME, richiesta certificato di C.F<\/strong>.\u00a0<strong>Le richieste potranno essere ricevute solo<\/strong>\u00a0<strong>dal luned\u00ec al venerd\u00ec<\/strong>\u00a0<strong>dalle ore 8.00 a.m. alle ore 1.00 p.m.<\/strong><\/p>\n<p>All\u2019email\u00a0<strong>dovr\u00e0 essere allegata la seguente documentazione\u00a0<u>in formato PDF\u00a0<\/u><\/strong>(non saranno accettati link o immagini copiate nel corpo della mail):<\/p>\n<ol>\n<li><a href=\"https:\/\/consnewyork.esteri.it\/wp-content\/uploads\/2023\/06\/modello-editabile-AA4_8_AA4-8-ita.pdf\">Modulo AA 4\/8<\/a>compilato digitalmente\u00a0<u>(i moduli compilati a mano non saranno accettati)<\/u>\u00a0e firmato (occorre prima stamparlo, quindi firmarlo e scansionarlo); E<\/li>\n<li>Copia del passaporto in corso di validit\u00e0; E<\/li>\n<li>Copia della patente di guida o di altro documento da cui si evince l\u2019indirizzo di residenza nella circoscrizione consolare; E<\/li>\n<li>L\u2019<a href=\"https:\/\/consnewyork.esteri.it\/wp-content\/uploads\/2023\/12\/CF-dichiarazione.docx\">apposita dichiarazione<\/a>deve indicare la ragione della richiesta di codice fiscale.<\/li>\n<\/ol>\n<p>Il cittadino straniero che\u00a0<strong>richieda un certificato di attribuzione di Codice Fiscale<\/strong>\u00a0per un\u00a0<strong>figlio minore<\/strong>,\u00a0<strong>dovr\u00e0 allegare\u00a0<u>in formato PDF<\/u>:<\/strong><\/p>\n<ol>\n<li>Il modulo AA 4\/8 sopracitato nelle medesime modalit\u00e0 (<u>cio\u00e8 compilato digitalmente, firmato e scansionato<\/u>), spuntando la casella \u201cRichiesta per Soggetto Terzo\u201d, selezionando il codice \u201c10\u201d nella casella \u201cCodice Tipologia Richiedente\u201d, indicando nel campo \u201cResidenza Anagrafica\u201d quella dove il minore risiede e riportando le esatte generalit\u00e0 del minore (come presenti sul passaporto); E<\/li>\n<li>Copia del passaporto in corso di validit\u00e0.<\/li>\n<\/ol>\n<p>Dato il numero estremamente elevato di richieste l\u2019Ufficio \u00e8 impossibilitato ad un riscontro immediato. Tutti i messaggi, saranno evasi gradualmente nell\u2019ordine di ricezione. Si invitano gli utenti, a non inviare una seconda volta la stessa richiesta in quanto questo potr\u00e0 causare ulteriori ritardi nella lavorazione.<\/p>\n<p>Si fa presente ai cittadini stranieri il cui passaporto riporti il cognome da coniugati, che ai fini dell\u2019attribuzione del Codice Fiscale italiano, verr\u00e0 preso in considerazione tale cognome.<\/p>\n<p><strong><u>ATTENZIONE: Se si \u00e8 in possesso di cittadinanza straniera ed italiana, occorre fare richiesta come cittadino italiano ovvero essere titolare di passaporto italiano (vedasi sopra, SUB A.)<\/u><\/strong><\/p>\n<p><strong>B.2. EMISSIONE DEL CERTIFICATO DI CODICE FISCALE<\/strong><\/p>\n<p>Una volta emesso, il certificato di codice fiscale (che contiene anche lo specifico codice a barre utile per attivare SPID), sar\u00e0 inviato al richiedente via email come file PDF, che si potr\u00e0 stampare ed utilizzare per tutti gli usi consentiti dalla legge.<\/p>\n<p><strong>Il richiedente dovr\u00e0 verificare prontamente l\u2019accuratezza dei dati e comunicare immediatamente eventuali inesattezze<\/strong>\u00a0all\u2019Ufficio Assistenza al seguente indirizzo e-mail <u>sociale.boston@esteri.it<\/u>.\u00a0<strong><u>L\u2019ufficio infatti pu\u00f2 annullare un certificato contenente inesattezze solo entro poche ore dal momento della sua emissione<\/u><\/strong><u>.<\/u><\/p>\n<p><strong><u>C \u2013 ALTRE CATEGORIE<\/u><\/strong><\/p>\n<p>Gli\u00a0<strong>studenti<\/strong>\u00a0che necessitino del codice fiscale per la preiscrizione all\u2019Universit\u00e0 possono ottenerlo automaticamente sul\u00a0<strong>Portale\u00a0<\/strong><a href=\"https:\/\/www.universitaly.it\/\"><strong>UNIVERSITALY<\/strong><\/a>\u00a0durante la domanda di preiscrizione. L\u2019attribuzione del Codice Fiscale potr\u00e0 essere perfezionata:<\/p>\n<ul>\n<li>presso lo Sportello Unico dell\u2019Immigrazione o dalla Questura al momento della richiesta del permesso di soggiorno dagli studenti extra UE; O<\/li>\n<li>dall\u2019Agenzia delle Entrate presentando il modulo AA4\/8, dagli studenti UE.<\/li>\n<\/ul>\n<p>I\u00a0<strong>cittadini stranieri che necessitino del codice fiscale per acquisto di immobili o per altre attivit\u00e0 commerciali\/finanziarie<\/strong>\u00a0in Italia possono delegare un loro rappresentante a richiedere il codice fiscale all\u2019Agenzia delle Entrate per proprio conto (<strong><u>vedasi sopra, SUB B<\/u><\/strong>).<\/p>\n<p>Ai\u00a0<strong>cittadini di Paesi extra UE che intendono soggiornare in Italia<\/strong>\u00a0il codice fiscale \u00e8 attribuito:<\/p>\n<p>\u2013 dallo Sportello unico per l\u2019Immigrazione, presente in ogni Prefettura e competente per il rilascio del nulla osta all\u2019ingresso ai cittadini stranieri che richiedono il permesso di soggiorno per lavoro dipendente o ricongiungimento familiare;<\/p>\n<p>\u2013 dalla Questura, ufficio della Polizia di Stato, per i cittadini stranieri che richiedono altre tipologie di permessi di soggiorno.<\/p>\n<p>I\u00a0<strong>cittadini di Paesi UE che intendono soggiornare in Italia<\/strong>\u00a0possono chiedere il codice fiscale presentando il\u00a0<a href=\"https:\/\/consnewyork.esteri.it\/wp-content\/uploads\/2023\/06\/modello-editabile-AA4_8_AA4-8-ita.pdf\">modello AA4\/8<\/a>\u00a0a un Ufficio territoriale dell\u2019Agenzia delle entrate. La richiesta deve essere motivata e accompagnata da un documento in corso di validit\u00e0 (passaporto o carta d\u2019identit\u00e0 valida per l\u2019espatrio).<\/p>\n<p>Il cittadino straniero che necessiti di codice fiscale per\u00a0<strong>l\u2019avvio di un procedimento giudiziario in Italia,<\/strong>\u00a0dovr\u00e0 includere tra le deleghe attribuite all\u2019avvocato a cui affida l\u2019incarico, quella di richiedere il CF presso un qualunque ufficio dell\u2019Agenzia delle Entrate; gli indirizzi degli uffici dell\u2019Agenzia delle Entrate sono reperibili sul sito Internet\u00a0<a href=\"http:\/\/www.agenziaentrate.it\/\">www.agenziaentrate.it<\/a>.<\/p>\n<p>&nbsp;<\/p>\n","protected":false},"excerpt":{"rendered":"Codice fiscale Cos\u2019\u00e8 A cosa serve? Come presentare la richiesta Cos\u2019\u00e8 Il codice fiscale \u00e8 il codice alfanumerico rilasciato dall\u2019Agenzia delle Entrate per identificare il cittadino italiano o straniero nei rapporti con le amministrazioni pubbliche, i privati e gli enti, italiani. Per le persone fisiche il codice fiscale viene determinato sulla base dei dati anagrafici. [&hellip;]","protected":false},"author":1,"featured_media":0,"parent":59,"menu_order":60,"comment_status":"closed","ping_status":"closed","template":"","meta":{"footnotes":""},"class_list":["post-92","page","type-page","status-publish","hentry"],"_links":{"self":[{"href":"https:\/\/consboston.esteri.it\/it\/wp-json\/wp\/v2\/pages\/92","targetHints":{"allow":["GET"]}}],"collection":[{"href":"https:\/\/consboston.esteri.it\/it\/wp-json\/wp\/v2\/pages"}],"about":[{"href":"https:\/\/consboston.esteri.it\/it\/wp-json\/wp\/v2\/types\/page"}],"author":[{"embeddable":true,"href":"https:\/\/consboston.esteri.it\/it\/wp-json\/wp\/v2\/users\/1"}],"replies":[{"embeddable":true,"href":"https:\/\/consboston.esteri.it\/it\/wp-json\/wp\/v2\/comments?post=92"}],"version-history":[{"count":2,"href":"https:\/\/consboston.esteri.it\/it\/wp-json\/wp\/v2\/pages\/92\/revisions"}],"predecessor-version":[{"id":4352,"href":"https:\/\/consboston.esteri.it\/it\/wp-json\/wp\/v2\/pages\/92\/revisions\/4352"}],"up":[{"embeddable":true,"href":"https:\/\/consboston.esteri.it\/it\/wp-json\/wp\/v2\/pages\/59"}],"wp:attachment":[{"href":"https:\/\/consboston.esteri.it\/it\/wp-json\/wp\/v2\/media?parent=92"}],"curies":[{"name":"wp","href":"https:\/\/api.w.org\/{rel}","templated":true}]}}