{"id":894,"date":"2023-06-16T10:00:06","date_gmt":"2023-06-16T14:00:06","guid":{"rendered":"https:\/\/consboston.esteri.it\/?page_id=894"},"modified":"2025-12-16T18:00:47","modified_gmt":"2025-12-16T22:00:47","slug":"rientri-definitivi-in-italia","status":"publish","type":"page","link":"https:\/\/consboston.esteri.it\/it\/servizi-consolari-e-visti\/servizi-per-il-cittadino-italiano\/anagrafe-degli-italiani-residenti-allestero-aire\/rientri-definitivi-in-italia\/","title":{"rendered":"Rientri definitivi in Italia"},"content":{"rendered":"<p>I cittadini iscritti all\u2019AIRE che rientrano definitivamente in Italia dovranno dichiarare il nuovo indirizzo di residenza al Comune Italiano dove hanno deciso di stabilirsi (anche in modalit\u00e0 telematica sul portale ANPR) entro i termini previsti dal decreto del Presidente della Repubblica 30 maggio 1989, n. 223. L\u2019omissione o la presentazione tardiva della dichiarazione di rimpatrio \u00e8 punita con sanzione pecuniaria amministrativa. Nella stessa data il Comune provveder\u00e0 alla cancellazione dall\u2019AIRE con contestuale iscrizione in APR (Anagrafe Popolazione Residente). Sar\u00e0 cura del Comune comunicare ufficialmente la data di decorrenza del rimpatrio al Consolato che lo registrer\u00e0 nei propri schedari consolari. In mancanza di comunicazione del rimpatrio, potr\u00e0 essere dichiarata l\u2019irreperibilit\u00e0 del cittadino con conseguente cancellazione dell\u2019iscrizione anagrafica da parte del Comune di iscrizione AIRE.<br \/>\nInformazione facoltativa:<br \/>\nChi rientra definitivamente in Italia potr\u00e0 informare il Consolato del trasferimento inviando una mail corredata di copia del proprio documento di riconoscimento all\u2019indirizzo: <a href=\"mailto:anagrafe.boston@esteri.it\">anagrafe.boston@esteri.it<\/a><\/p>\n<p>I cittadini italiani iscritti all\u2019AIRE che rientrano definitivamente in Italia dopo aver risieduto all\u2019estero per almeno 12 mesi hanno diritto all\u2019esenzione doganale per l\u2019importazione di masserizie ed effetti personali:\u00a0<a href=\"https:\/\/consboston.esteri.it\/wp-content\/uploads\/2023\/06\/masserizie.pdf\" target=\"_blank\" rel=\"noopener\">modulo di autocertificazione<\/a>.<\/p>\n","protected":false},"excerpt":{"rendered":"I cittadini iscritti all\u2019AIRE che rientrano definitivamente in Italia dovranno dichiarare il nuovo indirizzo di residenza al Comune Italiano dove hanno deciso di stabilirsi (anche in modalit\u00e0 telematica sul portale ANPR) entro i termini previsti dal decreto del Presidente della Repubblica 30 maggio 1989, n. 223. L\u2019omissione o la presentazione tardiva della dichiarazione di rimpatrio [&hellip;]","protected":false},"author":7,"featured_media":0,"parent":85,"menu_order":10,"comment_status":"closed","ping_status":"closed","template":"","meta":{"footnotes":""},"class_list":["post-894","page","type-page","status-publish","hentry"],"_links":{"self":[{"href":"https:\/\/consboston.esteri.it\/it\/wp-json\/wp\/v2\/pages\/894","targetHints":{"allow":["GET"]}}],"collection":[{"href":"https:\/\/consboston.esteri.it\/it\/wp-json\/wp\/v2\/pages"}],"about":[{"href":"https:\/\/consboston.esteri.it\/it\/wp-json\/wp\/v2\/types\/page"}],"author":[{"embeddable":true,"href":"https:\/\/consboston.esteri.it\/it\/wp-json\/wp\/v2\/users\/7"}],"replies":[{"embeddable":true,"href":"https:\/\/consboston.esteri.it\/it\/wp-json\/wp\/v2\/comments?post=894"}],"version-history":[{"count":1,"href":"https:\/\/consboston.esteri.it\/it\/wp-json\/wp\/v2\/pages\/894\/revisions"}],"predecessor-version":[{"id":5730,"href":"https:\/\/consboston.esteri.it\/it\/wp-json\/wp\/v2\/pages\/894\/revisions\/5730"}],"up":[{"embeddable":true,"href":"https:\/\/consboston.esteri.it\/it\/wp-json\/wp\/v2\/pages\/85"}],"wp:attachment":[{"href":"https:\/\/consboston.esteri.it\/it\/wp-json\/wp\/v2\/media?parent=894"}],"curies":[{"name":"wp","href":"https:\/\/api.w.org\/{rel}","templated":true}]}}