{"id":67,"date":"2024-07-17T10:00:59","date_gmt":"2024-07-17T14:00:59","guid":{"rendered":"https:\/\/consolatozurigo.esteri.it\/?page_id=67"},"modified":"2026-03-27T07:57:40","modified_gmt":"2026-03-27T11:57:40","slug":"passaporti-e-carte-didentita","status":"publish","type":"page","link":"https:\/\/consboston.esteri.it\/it\/servizi-consolari-e-visti\/servizi-per-il-cittadino-italiano\/passaporti-e-carte-didentita\/","title":{"rendered":"CIE &#8211; Carta d\u2019Identit\u00e0 Elettronica"},"content":{"rendered":"<p>\u00c8 in corso la sperimentazione al rilascio della Carta d\u2019Identit\u00e0 Elettronica per i cittadini italiani residenti nella nostra\u00a0<a href=\"https:\/\/ambwashingtondc.esteri.it\/it\/chi-siamo\/la-rete-consolare\/\" target=\"_blank\" rel=\"noopener\">circoscrizione consolare<\/a>, cio\u00e8 residenti negli Stati del Maine, Massachusetts, New Hampshire, Rhode Island e Vermont.<\/p>\n<p>La nuova Carta d\u2019Identit\u00e0 Elettronica \u00e8 un documento multifunzionale: attesta l\u2019identit\u00e0 del cittadino, \u00e8 un documento di viaggio all\u2019interno dell\u2019UE, riporta il codice fiscale e si pu\u00f2 utilizzare per richiedere un\u2019identit\u00e0 sul sistema SPID (Sistema Pubblico di Identit\u00e0 Digitale) con cui accedere ai Servizi erogati dalle Pubbliche Amministrazioni Italiane.<\/p>\n<p>Per informazioni di dettaglio sull\u2019utilizzo della carta, sulla attivazione, sull\u2019app dedicata per cellulari ed assistenza tecnica si rimanda al sito ufficiale:<\/p>\n<p><a href=\"https:\/\/www.cartaidentita.interno.gov.it\/\" target=\"_blank\" rel=\"noopener\">Carta di Identit\u00e0 Elettronica (CIE)<\/a><\/p>\n<p><strong>ATTENZIONE: la Carta d\u2019Identit\u00e0 Elettronica non viene rilasciata a vista, ma viene spedita per posta a casa del richiedente.<\/strong><\/p>\n<p><strong>REQUISITI OBBLIGATORI PER RICHIEDERE LA CARTA D\u2019IDENTIT\u00c0 ELETTRONICA:<\/strong><\/p>\n<p>Ai fini dell\u2019emissione della CIE \u00e8 indispensabile che il richiedente:<\/p>\n<ul>\n<li>sia iscritto all\u2019AIRE e risulti residente nella circoscrizione consolare di questo Consolato Generale;<\/li>\n<li>abbia l\u2019atto di nascita trascritto in Italia, in quanto gli estremi della trascrizione debbono essere riportati sulla CIE;<\/li>\n<li>disponga di Codice Fiscale; chi non \u00e8 in possesso del Codice fiscale \u00e8 invitato a seguire le istruzioni presenti a questo indirizzo per farne richiesta: <a href=\"https:\/\/consboston.esteri.it\/it\/servizi-consolari-e-visti\/servizi-per-il-cittadino-italiano\/codice-fiscale\/\" target=\"_blank\" rel=\"noopener\">Codice Fiscale<\/a>;<\/li>\n<li>abbia aggiornato la sua posizione negli schedari consolari nel caso di cambio d\u2019indirizzo, variazione dello stato civile o nascita di figli; in questi casi si dovr\u00e0 prendere contatto con i servizi competenti (AIRE: <a href=\"mailto:anagrafe.boston@esteri.it\">anagrafe.boston@esteri.it<\/a>\u00a0e\/o Stato Civile:\u00a0<a href=\"mailto:statocivile.boston@esteri.it\">statocivile.boston@esteri.it<\/a>) <u>prima di richiedere un appuntamento per la carta d\u2019identit\u00e0.<\/u><\/li>\n<\/ul>\n<p><strong>MODALIT\u00c0 DI RICHIESTA DELLA CARTA D\u2019IDENTIT\u00c0 ELETTRONICA:<\/strong><\/p>\n<p>Per richiedere il rilascio della carta d\u2019identit\u00e0 elettronica \u00e8 necessario prenotare un appuntamento utilizzando la piattaforma\u00a0<a href=\"https:\/\/prenotami.esteri.it\/\" target=\"_blank\" rel=\"noopener\">Prenot@mi<\/a>.<\/p>\n<p>Si prega di inserire, all&#8217;atto della prenotazione, i DATI RELATIVI ALL\u2019INTESTATARIO del documento richiesto, se diversi dall\u2019utente registrato che materialmente effettua la richiesta di appuntamento.<\/p>\n<p><strong>Si raccomanda alle donne coniugate di inserire le generalit\u00e0 anagrafiche da nubile (come risultano dall\u2019atto di nascita).<\/strong><\/p>\n<p><strong>DOCUMENTAZIONE RICHIESTA PER IL RILASCIO DELLA CARTA D\u2019IDENTIT\u00c0 ELETTRONICA DA PORTARE IL GIORNO DELL\u2019APPUNTAMENTO.<\/strong><\/p>\n<ul>\n<li>una fototessera (che rispetti gli <a href=\"https:\/\/www.esteri.it\/it\/servizi-consolari-e-visti\/italiani-all-estero\/documenti_di_viaggio\/linee-guida-foto-icao\/\" target=\"_blank\" rel=\"noopener\">standard ICAO<\/a>);<\/li>\n<li>un documento di identit\u00e0 in corso di validit\u00e0;<\/li>\n<li>la precedente Carta d\u2019Identit\u00e0, se gi\u00e0 in possesso (<u>NB: la carta precedente verr\u00e0 annullata il giorno dell\u2019appuntamento);<\/u><\/li>\n<li>diritti consolari, da corrispondersi con <em>money order<\/em>\u00a0o\u00a0<em>cashier\u2019s check<\/em> intestato a \u201c<strong>Consolato Generale d\u2019Italia Boston<\/strong>\u201c per un importo di <strong>$25.80<\/strong>.<\/li>\n<\/ul>\n<p>N.B. nel caso il richiedente sia un minore di 18 anni \u00e8 altres\u00ec necessario:<\/p>\n<ul>\n<li>che il minore sia accompagnato da almeno un genitore o dal tutore;<\/li>\n<li>che, oltre alla documentazione di cui sopra, il genitore presente porti anche l&#8217;<a href=\"https:\/\/consboston.esteri.it\/wp-content\/uploads\/2024\/07\/assenso.cie_.pdf\" target=\"_blank\" rel=\"noopener\">Atto di assenso<\/a>\u00a0del genitore che non sar\u00e0 presente all\u2019appuntamento.<\/li>\n<\/ul>\n<p><strong>SPEDIZIONE DELLA CARTA D\u2019IDENTIT\u00c0 ELETTRONICA:<\/strong><\/p>\n<p>La CIE <strong>non viene rilasciata il giorno dell\u2019appuntamento<\/strong>: sar\u00e0 invece inviata dall\u2019Italia a cura dell\u2019Istituto Poligrafico e Zecca dello Stato, direttamente all\u2019indirizzo di residenza del richiedente.<\/p>\n<p>In caso di mancata consegna per indirizzo errato o di esaurimento del periodo di giacenza presso l\u2019ufficio postale, il plico viene restituito alla Consolato per ulteriori tentativi di consegna.<\/p>\n<p>L\u2019ufficio addetto alle Carte d\u2019Identit\u00e0 pu\u00f2 essere contattato al seguente indirizzo:\u00a0<a href=\"mailto:boston.cie@esteri.it\">boston.cie@esteri.it<\/a>.<\/p>\n<p><strong>\u00a0<\/strong><\/p>\n<p><strong>Informazioni e moduli:<\/strong><\/p>\n<p>\u2022 <a href=\"https:\/\/consboston.esteri.it\/it\/servizi-consolari-e-visti\/servizi-per-il-cittadino-italiano\/passaporti-e-carte-didentita\/f-a-q-carta-didentita-elettronica-cie\/\" target=\"_blank\" rel=\"noopener\">FAQ &#8211; Domande frequenti<\/a><\/p>\n<p>\u2022 <a href=\"https:\/\/prenotami.esteri.it\/\" target=\"_blank\" rel=\"noopener\">Prenota l&#8217;appuntamento<\/a><\/p>\n<p>\u2022 <a href=\"https:\/\/consboston.esteri.it\/wp-content\/uploads\/2024\/07\/assenso.cie_.pdf\" target=\"_blank\" rel=\"noopener\">Assenso per rilascio CIE a minorenni<\/a><\/p>\n<p>&nbsp;<\/p>\n","protected":false},"excerpt":{"rendered":"\u00c8 in corso la sperimentazione al rilascio della Carta d\u2019Identit\u00e0 Elettronica per i cittadini italiani residenti nella nostra\u00a0circoscrizione consolare, cio\u00e8 residenti negli Stati del Maine, Massachusetts, New Hampshire, Rhode Island e Vermont. La nuova Carta d\u2019Identit\u00e0 Elettronica \u00e8 un documento multifunzionale: attesta l\u2019identit\u00e0 del cittadino, \u00e8 un documento di viaggio all\u2019interno dell\u2019UE, riporta il codice [&hellip;]","protected":false},"author":1,"featured_media":0,"parent":59,"menu_order":15,"comment_status":"closed","ping_status":"closed","template":"","meta":{"footnotes":""},"class_list":["post-67","page","type-page","status-publish","hentry"],"_links":{"self":[{"href":"https:\/\/consboston.esteri.it\/it\/wp-json\/wp\/v2\/pages\/67","targetHints":{"allow":["GET"]}}],"collection":[{"href":"https:\/\/consboston.esteri.it\/it\/wp-json\/wp\/v2\/pages"}],"about":[{"href":"https:\/\/consboston.esteri.it\/it\/wp-json\/wp\/v2\/types\/page"}],"author":[{"embeddable":true,"href":"https:\/\/consboston.esteri.it\/it\/wp-json\/wp\/v2\/users\/1"}],"replies":[{"embeddable":true,"href":"https:\/\/consboston.esteri.it\/it\/wp-json\/wp\/v2\/comments?post=67"}],"version-history":[{"count":6,"href":"https:\/\/consboston.esteri.it\/it\/wp-json\/wp\/v2\/pages\/67\/revisions"}],"predecessor-version":[{"id":6490,"href":"https:\/\/consboston.esteri.it\/it\/wp-json\/wp\/v2\/pages\/67\/revisions\/6490"}],"up":[{"embeddable":true,"href":"https:\/\/consboston.esteri.it\/it\/wp-json\/wp\/v2\/pages\/59"}],"wp:attachment":[{"href":"https:\/\/consboston.esteri.it\/it\/wp-json\/wp\/v2\/media?parent=67"}],"curies":[{"name":"wp","href":"https:\/\/api.w.org\/{rel}","templated":true}]}}