{"id":663,"date":"2023-06-13T10:00:46","date_gmt":"2023-06-13T14:00:46","guid":{"rendered":"https:\/\/consboston.esteri.it\/?page_id=663"},"modified":"2026-04-01T08:52:15","modified_gmt":"2026-04-01T12:52:15","slug":"jure-sanguinis-citizenship-for-descent","status":"publish","type":"page","link":"https:\/\/consboston.esteri.it\/it\/servizi-consolari-e-visti\/servizi-per-il-cittadino-straniero\/cittadinanza\/jure-sanguinis-citizenship-for-descent\/","title":{"rendered":"Cittadinanza per discendenza"},"content":{"rendered":"<header class=\"entry-header\">\n<h1 class=\"entry-title h3\">Cittadinanza<\/h1>\n<\/header>\n<div class=\"entry-content\">\n<p>Il decreto-legge 28 marzo 2025, n. 36, \u00e8 stato convertito con modificazioni nella\u00a0<strong>legge<\/strong>\u00a0<strong>23 maggio 2025, n. 74<\/strong>, con vigenza dal 24 maggio 2025.<\/p>\n<p>La legge di conversione riforma la\u00a0<strong>legge 5 febbraio 1992, n. 91<\/strong>, il cui nuovo testo integrale \u00e8 disponibile al seguente\u00a0<a class=\"\" href=\"https:\/\/www.normattiva.it\/uri-res\/N2Ls?urn:nir:stato:legge:1992-02-05;91!vig=\" data-focus-mouse=\"false\">link.<\/a><\/p>\n<p>Si attira, in particolare, l\u2019attenzione sul\u00a0<strong>nuovo art. 3-bis:<\/strong><\/p>\n<p><em>In deroga agli articoli 1, 2, 3, 14 e 20 della presente legge, all\u2019articolo 5 della legge 21 aprile 1983, n. 123, agli articoli 1, 2, 7, 10, 12 e 19 della legge 13 giugno 1912, n. 555, nonch\u00e9 agli articoli 4, 5, 7, 8 e 9 del codice civile approvato con regio decreto 25 giugno 1865, n. 2358, \u00e8 considerato non avere mai acquistato la cittadinanza italiana chi \u00e8 nato all\u2019estero anche prima della data di entrata in vigore del presente articolo ed \u00e8 in possesso di altra cittadinanza, salvo che ricorra una delle seguenti condizioni:<\/em><\/p>\n<ol>\n<li><em>a) lo stato di cittadino dell\u2019interessato \u00e8 riconosciuto, nel rispetto della normativa applicabile al 27 marzo 2025, a seguito di domanda, corredata della necessaria documentazione, presentata all\u2019ufficio consolare o al sindaco competenti non oltre le 23:59, ora di Roma, della medesima data;<\/em><\/li>\n<\/ol>\n<p><em>a-bis) lo stato di cittadino dell\u2019interessato \u00e8 riconosciuto, nel rispetto della normativa applicabile al 27 marzo 2025, a seguito di domanda, corredata della necessaria documentazione, presentata all\u2019ufficio consolare o al sindaco competenti nel giorno indicato da appuntamento comunicato all\u2019interessato dall\u2019ufficio competente entro le 23:59, ora di Roma, della medesima data del 27 marzo 2025;<\/em><\/p>\n<ol>\n<li><em>b) lo stato di cittadino dell\u2019interessato \u00e8 accertato giudizialmente, nel rispetto della normativa applicabile al 27 marzo 2025, a seguito di domanda giudiziale presentata non oltre le 23:59, ora di Roma, della medesima data;<\/em><\/li>\n<li><em>c) un ascendente di primo o di secondo grado possiede, o possedeva al momento della morte, esclusivamente la cittadinanza italiana;<\/em><\/li>\n<li><em>d) un genitore o adottante \u00e8 stato residente in Italia per almeno due anni continuativi successivamente all\u2019acquisto della cittadinanza italiana e prima della data di nascita o di adozione del figlio.<\/em><\/li>\n<\/ol>\n<p>Pertanto, in base alla nuova legge n.91 del 1992 \u00e8 riconosciuto cittadino italiano\u00a0<em>iure sanguinis<\/em>\u00a0(dalla nascita):<\/p>\n<ul>\n<li>il richiedente\u00a0<strong>nato in Italia<\/strong>\u00a0in qualsiasi data;<\/li>\n<li>il richiedente che ha esclusivamente la cittadinanza italiana<strong>, ossia che<\/strong>\u00a0<strong>non ha n\u00e9 pu\u00f2 avere nessun\u2019altra cittadinanza;<\/strong><\/li>\n<li>il richiedente che rientra in\u00a0<strong>uno dei casi<\/strong>\u00a0elencati nelle\u00a0<strong>lettere a), a-bis), b), c) e d) dell\u2019articolo 3-bis<\/strong><\/li>\n<\/ul>\n<p>Alla luce della nuova legge si precisa che:<\/p>\n<p><strong>1) Solo le domande presentate prima del 27 marzo 2025 alle ore 23.59 ora italiana, corredate della necessaria documentazione, seguono la\u00a0normativa precedente<\/strong><\/p>\n<p>Per domande\u00a0<em>\u201cpresentate\u201d<\/em>\u00a0si intende:<\/p>\n<ul>\n<li>Consegnate allo sportello dell\u2019Ufficio consolare prima della data ed ora sopra indicate;<\/li>\n<li>Spedite per posta con tracciamento di data ed ora antecedenti al termine sopra indicato;<\/li>\n<li>Spedite per posta senza tracciamento di data ed ora, e ricevute dell\u2019Ufficio consolare prima del termine sopra indicato;<\/li>\n<li>Ricevute su Fast-It prima del termine sopra indicato.<\/li>\n<\/ul>\n<p><strong>2) Solo le domande, corredate della necessaria documentazione, presentate all\u2019Ufficio consolare nel giorno indicato da appuntamento fissato e comunicato all\u2019interessato dall\u2019ufficio competente entro le 23:59, ora di Roma del 27 marzo 2025 seguono la\u00a0normativa precedente<\/strong><\/p>\n<p>Per\u00a0<em>\u201cappuntamento comunicato all\u2019interessato dall\u2019Ufficio competente\u201d<\/em>\u00a0si intende la conferma a mezzo posta elettronica ricevuta dall\u2019interessato dal portale Prenot@mi o dall\u2019indirizzo e-mail istituzionale della Sezione dell\u2019Ufficio consolare competente per l\u2019istanza.<\/p>\n<p><strong>3) In ogni altra circostanza, alle domande si applica la nuova normativa.<\/strong><\/p>\n<p>Per la\u00a0<strong>necessaria documentazione da presentare<\/strong>, gli interessati dovranno fornire:<\/p>\n<ol>\n<li>Quanto previsto dalla Circolare K.28.1 dell\u20198 aprile 1991 del Ministero dell\u2019Interno, ovverosia:<\/li>\n<li>Estratto dell\u2019atto di nascita dell\u2019avo italiano emigrato all\u2019estero rilasciato dal Comune italiano ove egli nacque;<\/li>\n<li>Atti di nascita, muniti di traduzione ufficiale italiana, di tutti i suoi discendenti in linea retta, compreso quello della persona rivendicante il possesso della cittadinanza italiana;<\/li>\n<li>Atto di matrimonio dell\u2019avo italiano emigrato all\u2019estero, munito di traduzione ufficiale italiana se formato all\u2019estero;<\/li>\n<li>Atti di matrimonio dei suoi discendenti, in linea retta, compreso quello dei genitori della persona rivendicante il possesso della cittadinanza italiana;<\/li>\n<li>Certificato rilasciato dalle competenti Autorit\u00e0 dello Stato estero di emigrazione, munito di traduzione ufficiale in lingua italiana, attestante che l\u2019avo italiano a suo tempo emigrato dall\u2019Italia non acquist\u00f2 la cittadinanza dello Stato estero di emigrazione anteriormente alla nascita dell\u2019ascendente dell\u2019interessato;<\/li>\n<li>Certificato rilasciato dalla competente Autorit\u00e0 consolare italiana attestante che n\u00e9 gli ascendenti in linea diretta n\u00e9 la persona rivendicante il possesso della cittadinanza italiana vi abbiano mai rinunciato ai termini dell\u2019art. 7 della legge 13 giugno 1912, n. 555;<\/li>\n<li>Certificato di residenza.<\/li>\n<\/ol>\n<p>Per l\u2019applicazione della\u00a0<strong>nuova normativa<\/strong>, si dovranno\u00a0<u>inoltre<\/u>\u00a0produrre:<\/p>\n<ul>\n<li>Per dimostrare l\u2019esclusivo possesso della cittadinanza italiana (a titolo esemplificativo):\n<ul>\n<li>Certificati negativi di cittadinanza;<\/li>\n<li>Attestazioni di rinuncia alla cittadinanza;<\/li>\n<li>Certificati di non iscrizione alle liste elettorali;<\/li>\n<\/ul>\n<\/li>\n<li>Per dimostrare l\u2019avvenuta residenza in Italia per almeno due anni continuativi;\n<ul>\n<li>Certificato storico di cittadinanza.<\/li>\n<\/ul>\n<\/li>\n<\/ul>\n<\/div>\n<p data-start=\"0\" data-end=\"13\"><strong data-start=\"0\" data-end=\"13\">PROCEDURE<\/strong><\/p>\n<p data-start=\"15\" data-end=\"184\">I richiedenti il riconoscimento della cittadinanza italiana per discendenza (<em data-start=\"92\" data-end=\"108\">iure sanguinis<\/em>) devono fissare un appuntamento attraverso il portale online <strong data-start=\"170\" data-end=\"183\">Prenot@mi<\/strong>.<\/p>\n<p data-start=\"186\" data-end=\"523\">Tutte le domande di riconoscimento della cittadinanza italiana per discendenza (<em data-start=\"266\" data-end=\"282\">iure sanguinis<\/em>) sono soggette al pagamento di un contributo consolare pari a <strong data-start=\"345\" data-end=\"357\">600 euro<\/strong>. Tale importo deve essere versato in <strong data-start=\"395\" data-end=\"402\">USD<\/strong>, con tasso aggiornato trimestralmente.<br data-start=\"441\" data-end=\"444\" \/><strong data-start=\"444\" data-end=\"473\">Fino al 30 giugno 2026<\/strong>, la somma corrispondente \u00e8 di <strong>703.10 dollari<\/strong>.<\/p>\n<p data-start=\"525\" data-end=\"709\">Il pagamento deve essere effettuato <strong data-start=\"561\" data-end=\"612\">presso il Consolato il giorno dell&#8217;appuntamento<\/strong>, tramite <strong data-start=\"622\" data-end=\"661\">assegno circolare (cashier&#8217;s check)<\/strong> o <strong data-start=\"664\" data-end=\"696\">vaglia postale (money order)<\/strong> intestato a:<\/p>\n<p data-start=\"711\" data-end=\"750\"><strong data-start=\"711\" data-end=\"750\">Consulate General of Italy &#8211; Boston<\/strong><\/p>\n<p data-start=\"752\" data-end=\"843\">Il contributo consolare <strong data-start=\"776\" data-end=\"798\">non \u00e8 rimborsabile<\/strong>, indipendentemente dall\u2019esito della domanda.<\/p>\n<p data-start=\"845\" data-end=\"869\"><a href=\"https:\/\/consboston.esteri.it\/wp-content\/uploads\/2023\/06\/jsforms.pdf\"><strong data-start=\"845\" data-end=\"869\">Moduli da compilare:<\/strong><\/a><\/p>\n<ul data-start=\"871\" data-end=\"1673\">\n<li data-start=\"871\" data-end=\"1010\">\n<p data-start=\"873\" data-end=\"1010\"><strong data-start=\"873\" data-end=\"892\">FORM 1 e FORM 2<\/strong> \u2013 Devono essere compilati dal richiedente e <strong data-start=\"937\" data-end=\"981\">firmati davanti al Funzionario Consolare<\/strong> il giorno dell\u2019appuntamento.<\/p>\n<\/li>\n<li data-start=\"1012\" data-end=\"1452\">\n<p data-start=\"1014\" data-end=\"1452\"><strong data-start=\"1014\" data-end=\"1024\">FORM 3<\/strong> \u2013 Deve essere compilato e firmato dall\u2019<strong data-start=\"1064\" data-end=\"1086\">ascendente vivente<\/strong> nella linea di discendenza. La firma deve essere apposta <strong data-start=\"1144\" data-end=\"1191\">di persona davanti al Funzionario Consolare<\/strong> il giorno dell\u2019appuntamento. In alternativa, la firma deve essere <strong data-start=\"1258\" data-end=\"1295\">autenticata da un notaio pubblico<\/strong>. Se la persona vive in un Paese estero al di fuori degli Stati Uniti, la firma deve essere <strong data-start=\"1387\" data-end=\"1436\">legalizzata dal Consolato italiano competente<\/strong> per quel Paese.<\/p>\n<\/li>\n<li data-start=\"1454\" data-end=\"1673\">\n<p data-start=\"1456\" data-end=\"1673\"><strong data-start=\"1456\" data-end=\"1466\">FORM 4<\/strong> \u2013 Deve essere compilato dal richiedente e <strong data-start=\"1509\" data-end=\"1553\">firmato davanti al Funzionario Consolare<\/strong> il giorno dell\u2019appuntamento. \u00c8 richiesto <strong data-start=\"1595\" data-end=\"1649\">per ciascun ascendente deceduto (in linea diretta)<\/strong> nato fuori dall\u2019Italia.<\/p>\n<\/li>\n<\/ul>\n<p data-start=\"1675\" data-end=\"1894\"><strong data-start=\"1675\" data-end=\"1732\">Acquisizione della cittadinanza italiana per i minori<\/strong><br data-start=\"1732\" data-end=\"1735\" \/><a href=\"https:\/\/consboston.esteri.it\/en\/servizi-consolari-e-visti\/servizi-per-il-cittadino-italiano\/stato-civile\/trascrizione-nascita-di-figlio-minorenne\/\">(<em data-start=\"1736\" data-end=\"1893\">cliccare qui per i certificati di stato civile<\/em>)<\/a><\/p>\n<p data-start=\"1896\" data-end=\"1923\"><strong data-start=\"1896\" data-end=\"1920\">Requisiti aggiuntivi<\/strong>:<\/p>\n<ul data-start=\"1924\" data-end=\"2067\">\n<li data-start=\"1924\" data-end=\"1971\">\n<p data-start=\"1926\" data-end=\"1971\">Copia del passaporto del genitore italiano;<\/p>\n<\/li>\n<li data-start=\"1972\" data-end=\"2067\">\n<p data-start=\"1974\" data-end=\"2067\">Copia dell\u2019atto di nascita del genitore straniero (non \u00e8 richiesta traduzione se in inglese).<\/p>\n<\/li>\n<\/ul>\n<p data-start=\"2069\" data-end=\"2101\"><strong data-start=\"2069\" data-end=\"2101\">Informazioni e moduli utili:<\/strong><\/p>\n<ul data-start=\"2103\" data-end=\"2540\" data-is-last-node=\"\" data-is-only-node=\"\">\n<li data-start=\"2103\" data-end=\"2247\">\n<p data-start=\"2105\" data-end=\"2247\"><a class=\"cursor-pointer\" href=\"https:\/\/consboston.esteri.it\/wp-content\/uploads\/2023\/08\/jsnaturalization.pdf\" target=\"_new\" rel=\"noopener\" data-start=\"2105\" data-end=\"2247\">Naturalizzazione<\/a><\/p>\n<\/li>\n<li data-start=\"2248\" data-end=\"2396\">\n<p data-start=\"2250\" data-end=\"2396\"><a class=\"cursor-pointer\" href=\"https:\/\/consboston.esteri.it\/wp-content\/uploads\/2023\/05\/infoapostilla.pdf\" target=\"_new\" rel=\"noopener\" data-start=\"2250\" data-end=\"2396\">Informazioni sull\u2019Apostille<\/a><\/p>\n<\/li>\n<li data-start=\"2397\" data-end=\"2540\" data-is-last-node=\"\">\n<p data-start=\"2399\" data-end=\"2540\" data-is-last-node=\"\"><a class=\"cursor-pointer\" href=\"https:\/\/consboston.esteri.it\/it\/servizi-consolari-e-visti\/servizi-per-il-cittadino-italiano\/altri-servizi-2\/traduzione-e-legalizzazione-dei-documenti\/\" target=\"_new\" rel=\"noopener\" data-start=\"2399\" data-end=\"2540\" data-is-last-node=\"\">Elenco dei traduttori<\/a><\/p>\n<\/li>\n<\/ul>\n","protected":false},"excerpt":{"rendered":"Cittadinanza Il decreto-legge 28 marzo 2025, n. 36, \u00e8 stato convertito con modificazioni nella\u00a0legge\u00a023 maggio 2025, n. 74, con vigenza dal 24 maggio 2025. La legge di conversione riforma la\u00a0legge 5 febbraio 1992, n. 91, il cui nuovo testo integrale \u00e8 disponibile al seguente\u00a0link. Si attira, in particolare, l\u2019attenzione sul\u00a0nuovo art. 3-bis: In deroga agli [&hellip;]","protected":false},"author":7,"featured_media":0,"parent":96,"menu_order":20,"comment_status":"closed","ping_status":"closed","template":"","meta":{"footnotes":""},"class_list":["post-663","page","type-page","status-publish","hentry"],"_links":{"self":[{"href":"https:\/\/consboston.esteri.it\/it\/wp-json\/wp\/v2\/pages\/663","targetHints":{"allow":["GET"]}}],"collection":[{"href":"https:\/\/consboston.esteri.it\/it\/wp-json\/wp\/v2\/pages"}],"about":[{"href":"https:\/\/consboston.esteri.it\/it\/wp-json\/wp\/v2\/types\/page"}],"author":[{"embeddable":true,"href":"https:\/\/consboston.esteri.it\/it\/wp-json\/wp\/v2\/users\/7"}],"replies":[{"embeddable":true,"href":"https:\/\/consboston.esteri.it\/it\/wp-json\/wp\/v2\/comments?post=663"}],"version-history":[{"count":6,"href":"https:\/\/consboston.esteri.it\/it\/wp-json\/wp\/v2\/pages\/663\/revisions"}],"predecessor-version":[{"id":6551,"href":"https:\/\/consboston.esteri.it\/it\/wp-json\/wp\/v2\/pages\/663\/revisions\/6551"}],"up":[{"embeddable":true,"href":"https:\/\/consboston.esteri.it\/it\/wp-json\/wp\/v2\/pages\/96"}],"wp:attachment":[{"href":"https:\/\/consboston.esteri.it\/it\/wp-json\/wp\/v2\/media?parent=663"}],"curies":[{"name":"wp","href":"https:\/\/api.w.org\/{rel}","templated":true}]}}