{"id":649,"date":"2023-06-13T10:00:15","date_gmt":"2023-06-13T14:00:15","guid":{"rendered":"https:\/\/consboston.esteri.it\/?page_id=649"},"modified":"2026-04-09T15:25:18","modified_gmt":"2026-04-09T19:25:18","slug":"visa-fees-and-denials-information","status":"publish","type":"page","link":"https:\/\/consboston.esteri.it\/it\/servizi-consolari-e-visti\/servizi-per-il-cittadino-straniero\/visti\/visa-fees-and-denials-information\/","title":{"rendered":"Visa Fees and Denials Information"},"content":{"rendered":"<div>\n<p style=\"text-align: center;\"><span style=\"text-decoration: underline;\">AVVISO IMPORTANTE: il servizio di prenotazione Prenot@mi \u00e8 interamente GRATUITO<br \/>\n<strong>IMPORTANT NOTICE: the Prenot@mi Booking reservation system is ENTIRELY FREE OF CHARGE<br \/>\n<\/strong><\/span><\/p>\n<h2 style=\"text-align: center;\">Appointments obtained through third-party services are not valid and will be automatically canceled.<br \/>\n\u8bf7\u6ce8\u610f\uff0c\u4efb\u4f55\u901a\u8fc7\u7b2c\u4e09\u65b9\u9884\u7ea6\u7684\u7533\u8bf7\u90fd\u5c06\u88ab\u81ea\u52a8\u53d6\u6d88\u3002<br \/>\n\u0924\u0940\u0938\u0930\u0947 \u092a\u0915\u094d\u0937 \u0915\u0947 \u092e\u093e\u0927\u094d\u092f\u092e \u0938\u0947 \u092c\u0941\u0915 \u0915\u0940 \u0917\u0908 \u0905\u092a\u0949\u0907\u0902\u091f\u092e\u0947\u0902\u091f\u094d\u0938 \u0938\u094d\u0935\u0924\u0903 \u0930\u0926\u094d\u0926 \u0915\u0930 \u0926\u0940 \u091c\u093e\u090f\u0902\u0917\u0940\u0964<br \/>\nLas citas reservadas a trav\u00e9s de terceros ser\u00e1n canceladas autom\u00e1ticamente.<\/h2>\n<\/div>\n<div>\n<p><strong>VISA FEES valid until June 30 2026 | CASH\u00a0 or\u00a0 MONEY ORDER (MONEY ORDERS MUST BE MADE TO: ITALIAN CONSULATE IN BOSTON)<\/strong><\/p>\n<\/div>\n<ul>\n<li>Short stay Schengen Visa (up to 90 days)\u00a0<strong>$105.50\u00a0<\/strong><\/li>\n<li>Long Stay Visa <strong>Type D<\/strong>\u00a0(<strong>Stays more than 90 days<\/strong>)\u00a0<strong>$136.00<\/strong><\/li>\n<li>Visa for <strong>Study<\/strong> (<em>Study Abroad Programs) <strong>$58.60<\/strong><\/em><\/li>\n<li>For nationals of the following countries: Albania, Armenia, Azerbaijan, Bosnia-Herzegovina, Belarus, Georgia, Macedonia, Montenegro, Republic of Moldova, Serbia <strong>$41.10<\/strong><\/li>\n<\/ul>\n<p>Please note: <span style=\"text-decoration: underline;\"><strong>Credit Cards and debit cards are NOT accepted<\/strong><\/span><strong>. Fees are not refundable.<\/strong><\/p>\n<p>&nbsp;<\/p>\n<p>&nbsp;<\/p>\n<p style=\"text-align: center;\"><span style=\"text-decoration: underline;\"><strong>MONEY ORDERS <\/strong>MUST BE MADE TO<strong>: ITALIAN CONSULATE IN BOSTON<\/strong><\/span><\/p>\n<p><strong>VISA DENIALS<\/strong><\/p>\n<p>It should be kept in mind that an alien cannot be considered as having a \u201cright\u201d to a visa but rather a simple \u201clegitimate interest\u201d. Denials must be justified and communicated to the person in question in a language understandable to that person or, short of that, in English.<\/p>\n<p>The Consulate is not obligated to provide a reason for the denial (unless in the cases in which the visa application is filed according to the Articles 22, 24, 26, 27, 28, 29, 36 and 39 of the Law. no. 286\/98).<\/p>\n<p>Persons denied visas may lodge a claim with the Tribunale Amministrativo Regionale (T.A.R. &#8211; Regional Administrative Court) of Lazio within 60 days of receipt of notification of denial.<\/p>\n<p>In the case of visas denied for joining or accompanying family members only eventual claims can be made to the authorized regular court.<\/p>\n<p>The Avvocatura di Stato (Government Legal Service) must be notified of eventual claims.<\/p>\n<p>Since 5 April 2010, Regulation (EC) No. 810\/2009 of the European Parliament and of the Council of 13 July 2009 establishing a Community Code on Visas (Visa Code) forms the statutory basis under European law in all Schengen states for the issuing of visas for transit through the Schengen area or for short-term stays in the Schengen area not exceeding 90 days in any six-month period.<\/p>\n","protected":false},"excerpt":{"rendered":"AVVISO IMPORTANTE: il servizio di prenotazione Prenot@mi \u00e8 interamente GRATUITO IMPORTANT NOTICE: the Prenot@mi Booking reservation system is ENTIRELY FREE OF CHARGE Appointments obtained through third-party services are not valid and will be automatically canceled. \u8bf7\u6ce8\u610f\uff0c\u4efb\u4f55\u901a\u8fc7\u7b2c\u4e09\u65b9\u9884\u7ea6\u7684\u7533\u8bf7\u90fd\u5c06\u88ab\u81ea\u52a8\u53d6\u6d88\u3002 \u0924\u0940\u0938\u0930\u0947 \u092a\u0915\u094d\u0937 \u0915\u0947 \u092e\u093e\u0927\u094d\u092f\u092e \u0938\u0947 \u092c\u0941\u0915 \u0915\u0940 \u0917\u0908 \u0905\u092a\u0949\u0907\u0902\u091f\u092e\u0947\u0902\u091f\u094d\u0938 \u0938\u094d\u0935\u0924\u0903 \u0930\u0926\u094d\u0926 \u0915\u0930 \u0926\u0940 \u091c\u093e\u090f\u0902\u0917\u0940\u0964 Las citas reservadas a trav\u00e9s [&hellip;]","protected":false},"author":7,"featured_media":0,"parent":95,"menu_order":150,"comment_status":"closed","ping_status":"closed","template":"","meta":{"footnotes":""},"class_list":["post-649","page","type-page","status-publish","hentry"],"_links":{"self":[{"href":"https:\/\/consboston.esteri.it\/it\/wp-json\/wp\/v2\/pages\/649","targetHints":{"allow":["GET"]}}],"collection":[{"href":"https:\/\/consboston.esteri.it\/it\/wp-json\/wp\/v2\/pages"}],"about":[{"href":"https:\/\/consboston.esteri.it\/it\/wp-json\/wp\/v2\/types\/page"}],"author":[{"embeddable":true,"href":"https:\/\/consboston.esteri.it\/it\/wp-json\/wp\/v2\/users\/7"}],"replies":[{"embeddable":true,"href":"https:\/\/consboston.esteri.it\/it\/wp-json\/wp\/v2\/comments?post=649"}],"version-history":[{"count":7,"href":"https:\/\/consboston.esteri.it\/it\/wp-json\/wp\/v2\/pages\/649\/revisions"}],"predecessor-version":[{"id":6712,"href":"https:\/\/consboston.esteri.it\/it\/wp-json\/wp\/v2\/pages\/649\/revisions\/6712"}],"up":[{"embeddable":true,"href":"https:\/\/consboston.esteri.it\/it\/wp-json\/wp\/v2\/pages\/95"}],"wp:attachment":[{"href":"https:\/\/consboston.esteri.it\/it\/wp-json\/wp\/v2\/media?parent=649"}],"curies":[{"name":"wp","href":"https:\/\/api.w.org\/{rel}","templated":true}]}}