{"id":6179,"date":"2026-02-27T13:15:06","date_gmt":"2026-02-27T17:15:06","guid":{"rendered":"https:\/\/consboston.esteri.it\/?page_id=6179"},"modified":"2026-03-31T11:04:31","modified_gmt":"2026-03-31T15:04:31","slug":"eventi-2023","status":"publish","type":"page","link":"https:\/\/consboston.esteri.it\/it\/servizi-consolari-e-visti\/servizi-per-il-cittadino-italiano\/altri-servizi-2\/cooperazione-scientifica-tecnologica-e-commerciale\/eventi-2023\/","title":{"rendered":"EVENTI 2023"},"content":{"rendered":"<h3 style=\"margin-bottom: 25px;\">GIORNATA DELLO SPAZIO 2023 &#8211; 12 DICEMBRE<\/h3>\n<table style=\"border: none !important; border-collapse: collapse;\" width=\"100%\">\n<tbody>\n<tr style=\"border: none !important;\">\n<td style=\"border: none !important; padding-right: 20px; text-align: center;\" valign=\"middle\" width=\"35%\"><a href=\"https:\/\/consboston.esteri.it\/wp-content\/uploads\/2026\/03\/Giornata-dello-spazio-2023_locandina.pdf\"><img loading=\"lazy\" decoding=\"async\" class=\"img-fluid aligncenter wp-image-4498 size-medium\" src=\"https:\/\/consboston.esteri.it\/wp-content\/uploads\/2025\/04\/Giornata-dello-Spazio-2023-locandina-232x300.jpg\" alt=\"\" width=\"232\" height=\"300\" srcset=\"https:\/\/consboston.esteri.it\/wp-content\/uploads\/2025\/04\/Giornata-dello-Spazio-2023-locandina-232x300.jpg 232w, https:\/\/consboston.esteri.it\/wp-content\/uploads\/2025\/04\/Giornata-dello-Spazio-2023-locandina-791x1024.jpg 791w, https:\/\/consboston.esteri.it\/wp-content\/uploads\/2025\/04\/Giornata-dello-Spazio-2023-locandina-768x994.jpg 768w, https:\/\/consboston.esteri.it\/wp-content\/uploads\/2025\/04\/Giornata-dello-Spazio-2023-locandina.jpg 1275w\" sizes=\"auto, (max-width: 232px) 100vw, 232px\" \/><\/a><\/p>\n<p>&nbsp;<\/td>\n<td style=\"border: none !important;\" valign=\"top\" width=\"65%\">&nbsp;<\/p>\n<p>Il 12 dicembre 2023 si \u00e8 tenuta la <strong>Celebration of Italian Space Day<\/strong>, un evento dedicato all\u2019illustrazione del ruolo dell\u2019Italia nell\u2019osservazione della Terra dallo spazio, nelle nuove tecnologie di propulsione e nella partecipazione alle missioni con equipaggio verso Luna e Marte.<\/p>\n<p>Durante l\u2019incontro, esperti e appassionati hanno approfondito le innovazioni scientifiche italiane e le collaborazioni internazionali nel settore spaziale. L\u2019evento ha offerto un\u2019occasione unica per conoscere da vicino le eccellenze italiane nello spazio.<\/td>\n<\/tr>\n<\/tbody>\n<\/table>\n<hr \/>\n<h3 style=\"margin-bottom: 25px;\">CAREERS 2023 \u2013 7 DICEMBRE<\/h3>\n<table style=\"border: none !important; border-collapse: collapse;\" width=\"100%\">\n<tbody>\n<tr style=\"border: none !important;\">\n<td style=\"border: none !important; padding-right: 20px; text-align: center;\" valign=\"middle\" width=\"35%\"><img loading=\"lazy\" decoding=\"async\" class=\"img-fluid aligncenter wp-image-4503 size-medium\" src=\"https:\/\/consboston.esteri.it\/wp-content\/uploads\/2025\/04\/Careers-2023-Locandina-232x300.jpg\" alt=\"\" width=\"232\" height=\"300\" srcset=\"https:\/\/consboston.esteri.it\/wp-content\/uploads\/2025\/04\/Careers-2023-Locandina-232x300.jpg 232w, https:\/\/consboston.esteri.it\/wp-content\/uploads\/2025\/04\/Careers-2023-Locandina-791x1024.jpg 791w, https:\/\/consboston.esteri.it\/wp-content\/uploads\/2025\/04\/Careers-2023-Locandina-768x994.jpg 768w, https:\/\/consboston.esteri.it\/wp-content\/uploads\/2025\/04\/Careers-2023-Locandina.jpg 1275w\" sizes=\"auto, (max-width: 232px) 100vw, 232px\" \/><\/td>\n<td style=\"border: none !important;\" valign=\"top\" width=\"65%\">L\u20198 dicembre 2023 si \u00e8 svolto <strong>CAREERS<\/strong>, l\u2019evento di networking dedicato agli studenti italiani nelle universit\u00e0 di Boston, promosso dal <strong>Consolato Generale<\/strong>.<\/p>\n<p>L\u2019iniziativa ha registrato una grande partecipazione, con numerosi studenti e professionisti che hanno avuto l\u2019opportunit\u00e0 di incontrarsi e scambiare esperienze. Particolarmente attiva \u00e8 stata la comunit\u00e0 della <strong>Dante Alighieri Society<\/strong>, che ha contribuito al successo dell\u2019evento favorendo momenti di confronto e networking.<\/td>\n<\/tr>\n<\/tbody>\n<\/table>\n","protected":false},"excerpt":{"rendered":"GIORNATA DELLO SPAZIO 2023 &#8211; 12 DICEMBRE &nbsp; &nbsp; Il 12 dicembre 2023 si \u00e8 tenuta la Celebration of Italian Space Day, un evento dedicato all\u2019illustrazione del ruolo dell\u2019Italia nell\u2019osservazione della Terra dallo spazio, nelle nuove tecnologie di propulsione e nella partecipazione alle missioni con equipaggio verso Luna e Marte. Durante l\u2019incontro, esperti e appassionati [&hellip;]","protected":false},"author":5,"featured_media":0,"parent":1869,"menu_order":0,"comment_status":"closed","ping_status":"closed","template":"","meta":{"footnotes":""},"class_list":["post-6179","page","type-page","status-publish","hentry"],"_links":{"self":[{"href":"https:\/\/consboston.esteri.it\/it\/wp-json\/wp\/v2\/pages\/6179","targetHints":{"allow":["GET"]}}],"collection":[{"href":"https:\/\/consboston.esteri.it\/it\/wp-json\/wp\/v2\/pages"}],"about":[{"href":"https:\/\/consboston.esteri.it\/it\/wp-json\/wp\/v2\/types\/page"}],"author":[{"embeddable":true,"href":"https:\/\/consboston.esteri.it\/it\/wp-json\/wp\/v2\/users\/5"}],"replies":[{"embeddable":true,"href":"https:\/\/consboston.esteri.it\/it\/wp-json\/wp\/v2\/comments?post=6179"}],"version-history":[{"count":5,"href":"https:\/\/consboston.esteri.it\/it\/wp-json\/wp\/v2\/pages\/6179\/revisions"}],"predecessor-version":[{"id":6533,"href":"https:\/\/consboston.esteri.it\/it\/wp-json\/wp\/v2\/pages\/6179\/revisions\/6533"}],"up":[{"embeddable":true,"href":"https:\/\/consboston.esteri.it\/it\/wp-json\/wp\/v2\/pages\/1869"}],"wp:attachment":[{"href":"https:\/\/consboston.esteri.it\/it\/wp-json\/wp\/v2\/media?parent=6179"}],"curies":[{"name":"wp","href":"https:\/\/api.w.org\/{rel}","templated":true}]}}