{"id":422,"date":"2023-05-25T10:00:47","date_gmt":"2023-05-25T14:00:47","guid":{"rendered":"https:\/\/consboston.esteri.it\/?page_id=422"},"modified":"2023-05-25T15:35:29","modified_gmt":"2023-05-25T19:35:29","slug":"riconoscimento-di-sentenze-straniere","status":"publish","type":"page","link":"https:\/\/consboston.esteri.it\/it\/servizi-consolari-e-visti\/servizi-per-il-cittadino-italiano\/stato-civile\/riconoscimento-di-sentenze-straniere\/","title":{"rendered":"Riconoscimento di sentenze straniere"},"content":{"rendered":"<p>Riconoscimento di sentenze straniere (divorzio, adozione, cambiamento di nome o cognome o altro).<\/p>\n<p>La legge di diritto internazionale privato n. 218\/1995 prevede, quale regola generale, l\u2019automatica efficacia in Italia di sentenze straniere che rispettino alcuni requisiti basilari di compatibilit\u00e0 con l\u2019ordinamento italiano. I provvedimenti stranieri devono per\u00f2 essere trascritti presso il Comune italiano competente.<\/p>\n<p>Le sentenze straniere, munite di legalizzazione e traduzione in italiano, possono essere presentate per la trascrizione in Italia:<\/p>\n<ul>\n<li>al Comune italiano, direttamente dall\u2019interessato;<\/li>\n<li>al Consolato italiano nella cui circoscrizione \u00e8 stata emessa la sentenza.<\/li>\n<\/ul>\n<p>Per richiedere la trascrizione \u00e8 necessario esibire un documento di identit\u00e0 in corso di validit\u00e0 e produrre:<\/p>\n<ul>\n<li>istanza di trasmissione della sentenza sotto forma di dichiarazione sostitutiva di atto notorio resa ai sensi dell\u2019art. 47 del DPR 445\/2000 attestante la sussistenza dei requisiti di cui all\u2019art. 64 della legge 218\/1995 nella quale si dichiara che la sentenza \u00e8 passata in giudicato (se ci\u00f2 non compare nel testo della sentenza), che non \u00e8 contraria ad altre sentenze pronunciate da un giudice italiano e che non pende un giudizio davanti a un giudice italiano per il medesimo oggetto e fra le stesse parti;<\/li>\n<li>copia integrale della sentenza completa dei requisiti di cui all\u2019art. 64, debitamente legalizzata e tradotta.<\/li>\n<\/ul>\n<p>L\u2019Ufficiale dello stato civile italiano deve verificare inoltre che la sentenza non produca effetti contrari all\u2019 ordine pubblico.<\/p>\n<p><span style=\"text-decoration: underline;\">Tutta la documentazione dovra&#8217; essere inviata per posta a:<\/span><\/p>\n<p>Consolato Generale d&#8217;Italia<br \/>\nUfficio Stato Civile<br \/>\n600 Atlantic Avenue, 17th floor<br \/>\nBoston, MA 02210-2206<\/p>\n<p><em>(si prega di specificare un numero di telefono)\u00a0<\/em><\/p>\n<p>&nbsp;<\/p>\n<p><strong>Informazioni e moduli:<\/strong><\/p>\n<p>\u2022 <a href=\"https:\/\/consboston.esteri.it\/wp-content\/uploads\/2023\/05\/trascrizionedivorzio.pdf\" target=\"_blank\" rel=\"noopener\">Trascrizione in Italia della Sentenza di Divorzio<\/a><\/p>\n<p>\u2022 <a href=\"https:\/\/consboston.esteri.it\/wp-content\/uploads\/2023\/05\/riconoscimentoadozione.pdf\" target=\"_blank\" rel=\"noopener\">Riconoscimento dell&#8217;Adozione di Minore Straniero<\/a><\/p>\n<p>\u2022 <a href=\"https:\/\/consboston.esteri.it\/wp-content\/uploads\/2023\/05\/cambionome.pdf\" target=\"_blank\" rel=\"noopener\">Riconoscimento della Sentenza di Cambio Nome &#8211; Cognome<\/a><\/p>\n<p>\u2022 <a href=\"https:\/\/consboston.esteri.it\/wp-content\/uploads\/2023\/05\/infoapostilla.pdf\" target=\"_blank\" rel=\"noopener\">Informazioni Apostilla<\/a><\/p>\n<p>\u2022 <a href=\"https:\/\/consboston.esteri.it\/it\/servizi-consolari-e-visti\/servizi-per-il-cittadino-italiano\/traduzione-e-legalizzazione-dei-documenti\/\" rel=\"noopener\">Lista dei traduttori<\/a><\/p>\n<p>&nbsp;<\/p>\n","protected":false},"excerpt":{"rendered":"Riconoscimento di sentenze straniere (divorzio, adozione, cambiamento di nome o cognome o altro). La legge di diritto internazionale privato n. 218\/1995 prevede, quale regola generale, l\u2019automatica efficacia in Italia di sentenze straniere che rispettino alcuni requisiti basilari di compatibilit\u00e0 con l\u2019ordinamento italiano. I provvedimenti stranieri devono per\u00f2 essere trascritti presso il Comune italiano competente. Le [&hellip;]","protected":false},"author":7,"featured_media":0,"parent":86,"menu_order":30,"comment_status":"closed","ping_status":"closed","template":"","meta":{"footnotes":""},"class_list":["post-422","page","type-page","status-publish","hentry"],"_links":{"self":[{"href":"https:\/\/consboston.esteri.it\/it\/wp-json\/wp\/v2\/pages\/422","targetHints":{"allow":["GET"]}}],"collection":[{"href":"https:\/\/consboston.esteri.it\/it\/wp-json\/wp\/v2\/pages"}],"about":[{"href":"https:\/\/consboston.esteri.it\/it\/wp-json\/wp\/v2\/types\/page"}],"author":[{"embeddable":true,"href":"https:\/\/consboston.esteri.it\/it\/wp-json\/wp\/v2\/users\/7"}],"replies":[{"embeddable":true,"href":"https:\/\/consboston.esteri.it\/it\/wp-json\/wp\/v2\/comments?post=422"}],"version-history":[{"count":0,"href":"https:\/\/consboston.esteri.it\/it\/wp-json\/wp\/v2\/pages\/422\/revisions"}],"up":[{"embeddable":true,"href":"https:\/\/consboston.esteri.it\/it\/wp-json\/wp\/v2\/pages\/86"}],"wp:attachment":[{"href":"https:\/\/consboston.esteri.it\/it\/wp-json\/wp\/v2\/media?parent=422"}],"curies":[{"name":"wp","href":"https:\/\/api.w.org\/{rel}","templated":true}]}}