{"id":330,"date":"2023-05-24T10:00:40","date_gmt":"2023-05-24T14:00:40","guid":{"rendered":"https:\/\/consboston.esteri.it\/?page_id=330"},"modified":"2025-12-29T15:54:21","modified_gmt":"2025-12-29T19:54:21","slug":"passaporti","status":"publish","type":"page","link":"https:\/\/consboston.esteri.it\/it\/servizi-consolari-e-visti\/servizi-per-il-cittadino-italiano\/passaporti\/","title":{"rendered":"Passaporti"},"content":{"rendered":"<style><span data-mce-type=\"bookmark\" style=\"display: inline-block; width: 0px; overflow: hidden; line-height: 0;\" class=\"mce_SELRES_start\">\ufeff<\/span><span data-mce-type=\"bookmark\" style=\"display: inline-block; width: 0px; overflow: hidden; line-height: 0;\" class=\"mce_SELRES_start\">\ufeff<\/span><span data-mce-type=\"bookmark\" style=\"display: inline-block; width: 0px; overflow: hidden; line-height: 0;\" class=\"mce_SELRES_start\">\ufeff<\/span><span data-mce-type=\"bookmark\" style=\"display: inline-block; width: 0px; overflow: hidden; line-height: 0;\" class=\"mce_SELRES_start\">\ufeff<\/span><span data-mce-type=\"bookmark\" style=\"display: inline-block; width: 0px; overflow: hidden; line-height: 0;\" class=\"mce_SELRES_start\">\ufeff<\/span><span data-mce-type=\"bookmark\" style=\"display: inline-block; width: 0px; overflow: hidden; line-height: 0;\" class=\"mce_SELRES_start\">\ufeff<\/span>.collapse{display:none}.collapse.in{display:block}<\/style>\n<p><script src=\"https:\/\/ajax.googleapis.com\/ajax\/libs\/jquery\/3.6.4\/jquery.min.js\"><\/script><br \/>\n<script src=\"https:\/\/maxcdn.bootstrapcdn.com\/bootstrap\/3.4.1\/js\/bootstrap.min.js\"><\/script><\/p>\n<p>Si raccomanda di prenotare l\u2019appuntamento con congruo anticipo rispetto alla data di scadenza del libretto. In alcuni periodi dell\u2019anno, le numerose richieste di appuntamento da parte dell\u2019utenza potrebbero allungare il tempo di attesa per il primo appuntamento disponibile.<\/p>\n<p>I cittadini italiani con <strong>eta\u2019 superiore ai 75 anni<\/strong> possono prendere un appuntamento inviando una email a <a href=\"mailto:passaporti.boston@esteri.it\">passaporti.boston@esteri.it<\/a><\/p>\n<p><strong>Prima di prendere appuntamento si prega di verificare la propria iscrizione anagrafica (AIRE) al Consolato Generale d\u2019Italia a Boston e di aggiornare i propri dati di Stato Civile. <\/strong><\/p>\n<p>Si prega di leggere con attenzione le seguenti istruzioni:<\/p>\n<div>\n<p><button type=\"button\" data-toggle=\"collapse\" data-target=\"#appuntamento-chi\">Chi puo\u2019 prendere un appuntamento<\/button><\/p>\n<div id=\"appuntamento-chi\" class=\"collapse\">\n<p>Possono prenotare un appuntamento i cittadini italiani residenti nella circoscrizione di questo Consolato Generale (Stati del Maine, Massachusetts, New Hampshire, Rhode Island e Vermont) e regolarmente iscritti all\u2019Anagrafe\/AIRE di questo Consolato, con indirizzo aggiornato. Per le donne sposate la trascrizione del certificato di matrimonio permette di aggiungere nel proprio passaporto il cognome del marito.<\/p>\n<p style=\"text-align: left;\">I cittadini italiani iscritti presso questa circoscrizione consolare e residenti nelle contee piu\u2019 vicine alla citta\u2019 di Springfield (MA) possono rivolgersi al <strong>Consolato Onorario di Springfield <\/strong>per l\u2019acquisizione dei propri dati biometrici (fotografia, firma digitale e impronte) inviando una email a: <a href=\"mailto:springfield.onorario@esteri.it\">springfield.onorario@esteri.it<\/a>. In tal caso si fa presente che il passaporto non sara\u2019 rilasciato al momento dell\u2019appuntamento ma inviato per posta.<\/p>\n<\/div>\n<\/div>\n<div>\n<p><button type=\"button\" data-toggle=\"collapse\" data-target=\"#appuntamento-prima\">Prima di prendere un appuntamento<\/button><\/p>\n<div id=\"appuntamento-prima\" class=\"collapse\">\n<p>Coloro i quali si sono trasferiti nella circoscrizione consolare di questo Consolato Generale per risiedervi, provenienti da altre circoscrizioni o dall\u2019Italia, devono procedere a iscriversi all\u2019Anagrafe\/AIRE di questo Consolato Generale.<\/p>\n<p><strong>Al Connazionale residente in questa Circoscrizione Consolare, che si presenti all\u2019appuntamento non registrato AIRE in questo Consolato, non potr\u00e0 essere accettata la richiesta di passaporto.<\/strong><\/p>\n<p>Per ulteriori informazioni contattare:<\/p>\n<p>\u2022 L\u2019<a href=\"https:\/\/consboston.esteri.it\/it\/servizi-consolari-e-visti\/servizi-per-il-cittadino-italiano\/anagrafe-degli-italiani-residenti-allestero-aire\/\">Ufficio Anagrafe<\/a> per registrare il nuovo indirizzo (in caso di cambio di indirizzo all\u2019interno della circoscrizione consolare di questo Consolato Generale); <strong>si ricorda che l\u2019Ufficio Anagrafe ha fino a 30 giorni per lavorare la richiesta di iscrizione all\u2019AIRE (completa di tutta la documentazione richiesta)<\/strong>.<\/p>\n<p>\u2022 L\u2019<a href=\"https:\/\/consboston.esteri.it\/it\/servizi-consolari-e-visti\/servizi-per-il-cittadino-italiano\/stato-civile\/\">Ufficio Stato Civile<\/a> per trascrivere in Italia eventuali cambiamenti nello Stato Civile (matrimonio, unione civile, nascite di figli, eventuale divorzio, ecc. ecc.); si ricorda che i cittadini italiani sono tenuti a dichiarare all\u2019Ufficio consolare competente, tutte le variazioni di Stato Civile che si verifichino durante la loro permanenza all\u2019estero. Gli atti di Stato Civile devono essere presentati all\u2019Ufficio preposto con congruo anticipo rispetto alla data dell\u2019appuntamento del passaporto (l\u2019Ufficio di Stato Civile lavora le richieste di trascrizione in ordine cronologico di arrivo).<\/p>\n<p>\u2022 Coloro i quali si trovino solo temporaneamente nella circoscrizione consolare di questo Consolato Generale (se di passaggio o per altre motivazioni), sono pregati di inviare una mail a\u00a0<a href=\"mailto:passaporti.boston@esteri.it\">passaporti.boston@esteri.it<\/a> spiegando le proprie necessit\u00e0 prima di procedere a prendere un appuntamento; in questo caso il rilascio del nuovo documento \u00e8 subordinato all\u2019autorizzazione della Questura o dell\u2019Ufficio Consolare competente in base al luogo di residenza del richiedente; questo Consolato Generale si riserva la possibilit\u00e0 di <strong>cancellare d\u2019Ufficio<\/strong>\u00a0tutti gli appuntamenti prenotati in maniera difforme dalle istruzioni qui sopra riportate.<\/p>\n<\/div>\n<\/div>\n<div>\n<p><button type=\"button\" data-toggle=\"collapse\" data-target=\"#appuntamento-come\">Come prendere un appuntamento<\/button><\/p>\n<div id=\"appuntamento-come\" class=\"collapse\">\n<p>Il connazionale maggiorenne residente nella circoscrizione consolare di Boston <strong>(MA, RI, NH, VT, ME)<\/strong> potr\u00e0 presentarsi presso questo Consolato per il rilascio del passaporto solo dopo aver effettuato una <a href=\"https:\/\/prenotami.esteri.it\/\" target=\"_blank\" rel=\"noopener\">prenotazione online (clicca qui)<\/a>\u00a0singola o multipla.<\/p>\n<p><strong>Per quanto riguarda i minori, si specifica che<\/strong>:<\/p>\n<ul>\n<li>se la richiesta passaporto e\u2019 <strong>solo per il minore<\/strong>, uno dei genitori deve prenotare un appuntamento singolo ed inserire il nome del minore tra le note, <strong>in caso di piu\u2019 minori<\/strong> questi devono essere aggiunti come accompagnatori prenotando un appuntamento multiplo;<\/li>\n<li>se l\u2019appuntamento per <strong>il minore e\u2019 in aggiunta a quello del genitore<\/strong> o dei genitori si deve prenotare un appuntamento multiplo a nome di uno dei genitori e inserire come accompagnatore il minore\/minori.<\/li>\n<\/ul>\n<p>Si richiede ai connazionali di cancellare sempre con anticipo gli appuntamenti cui non si potr\u00e0 essere presenti e di comunicare la cancellazione almeno 1 settimana prima dell\u2019appuntamento a <a href=\"mailto:passaporti.boston@esteri.it\">passaporti.boston@esteri.it<\/a>.<\/p>\n<\/div>\n<\/div>\n<div>\n<p><button type=\"button\" data-toggle=\"collapse\" data-target=\"#cosa-portare\">Cosa devo portare il giorno dell\u2019appuntamento per il rilascio del passaporto<\/button><\/p>\n<div id=\"cosa-portare\" class=\"collapse\">\n<p>Il giorno dell\u2019appuntamento, occorrer\u00e0 recarsi in Consolato con:<\/p>\n<p>\u2022 n. 1 fotografia a colori in formato europeo 35mm x 40mm (European size) oppure 1.5&#8243;x1.5&#8243; <strong><a href=\"https:\/\/consboston.esteri.it\/wp-content\/uploads\/2023\/06\/fotopassaporto.pdf\" target=\"_blank\" rel=\"noopener\">(istruzioni fotografie)<\/a><\/strong>;<\/p>\n<p>\u2022 <strong>Money order o cashier check<\/strong> relativo al pagamento della percezione consolare (<a href=\"https:\/\/consboston.esteri.it\/it\/servizi-consolari-e-visti\/servizi-per-il-cittadino-italiano\/altri-servizi-2\/percezioni-consolari\/\" target=\"_blank\" rel=\"noopener\">clicca qui<\/a>);<\/p>\n<p>\u2022 Il vecchio passaporto, (in <strong>aggiunta<\/strong> un documento <strong>in corso di validit\u00e0<\/strong> se il passaporto vecchio \u00e8 scaduto).<\/p>\n<p>\u2022 Visto di ingresso negli USA oppure United States Permanent Resident Card (Green Card) rilasciata o rinnovata dopo il 16 agosto del 1992. Se la data di rilascio della Green Card \u00e8 precedente a tale data \u00e8 richiesta l\u2019esibizione di una dichiarazione dell\u2019U.S. Citizenship and Immigration Services Office (USCIS) attestante che il richiedente non ha acquisito la cittadinanza statunitense.<\/p>\n<p>\u2022 Per i richiedenti in possesso di doppia cittadinanza (italiana e statunitense), passaporto USA e copia del certificato di naturalizzazione, nel caso in cui la cittadinanza statunitense sia stata acquisita dopo la nascita.<\/p>\n<p>\u2022 In caso di richiesta di primo passaporto italiano, sar\u00e0 necessario esibire il passaporto, in corso di validit\u00e0, della propria nazionalit\u00e0 di origine. Per i nati negli Stati Uniti d\u2019America sar\u00e0 necessario esibire il passaporto statunitense in corso di validit\u00e0.<\/p>\n<p>\u2022 Si informano i connazionali, genitori di figli minori, che a partire dal 14 giugno 2023 non sar\u00e0 pi\u00f9 necessario presentare l\u2019atto di assenso dell\u2019altro genitore ai fini del rilascio del proprio documento d\u2019identit\u00e0 (passaporto e CIE), ai sensi del D.L. 69\/2023. \u00a0Nello specifico il novellato articolo 3-bis della L. 1185\/1967 indica che, quando vi \u00e8 concreto e attuale pericolo che a causa del trasferimento all&#8217;estero questo possa sottrarsi all&#8217;adempimento dei suoi obblighi verso i figli, sar\u00e0 possibile per l\u2019altro genitore richiedere una inibitoria al rilascio del documento. L\u2019istanza potr\u00e0 essere presentata presso il giudice competente presso il Tribunale ordinario in cui il minore ha la residenza abituale ovvero, se il minore \u00e8 residente all\u2019estero, il Tribunale nel cui circondario si trova il suo Comune di iscrizione AIRE. Ai fini del rilascio dei documenti per i minori, invece, resta l\u2019obbligo dell\u2019assenso firmato da entrambi i genitori o da chi esercita la responsabilit\u00e0 genitoriale.<\/p>\n<\/div>\n<\/div>\n<div>\n<p><button type=\"button\" data-toggle=\"collapse\" data-target=\"#rilascio-minore\">Cosa serve per il rilascio del passaporto per un minore di 18 anni<\/button><\/p>\n<div id=\"rilascio-minore\" class=\"collapse\">\n<p><span style=\"text-decoration: underline;\">Anche i minori per i quali si richiede l\u2019emissione del passaporto dovranno essere presenti all\u2019atto della richiesta di rilascio del passaporto<\/span><\/p>\n<p>a) n. 1 fotografia a colori in formato europeo 35mm x 40mm (European size) oppure 1.5&#8243;x1.5&#8243; <a href=\"https:\/\/consboston.esteri.it\/wp-content\/uploads\/2023\/06\/fotopassaporto.pdf\" target=\"_blank\" rel=\"noopener\">(<strong>istruzioni fotografie<\/strong>).<\/a><\/p>\n<p>b) <strong>Money order<\/strong> o <strong>cashier check<\/strong> relativo al pagamento della percezione consolare (<a href=\"https:\/\/consboston.esteri.it\/it\/servizi-consolari-e-visti\/servizi-per-il-cittadino-italiano\/altri-servizi-2\/percezioni-consolari\/\" target=\"_blank\" rel=\"noopener\">clicca qui<\/a>).<\/p>\n<p>c) precedente passaporto italiano (in\u00a0<strong>aggiunta<\/strong>\u00a0un documento\u00a0<strong>in corso di validit\u00e0<\/strong> se il passaporto italiano \u00e8 scaduto); <strong>visto di ingresso USA oppure Carta Verde,<\/strong> <u>solo per i minori in possesso della sola cittadinanza italiana<\/u>; passaporto statunitense accompagnato dal certificato di naturalizzazione (<u>qualora il minore si fosse naturalizzato successivamente alla nascita<\/u>)\u00a0oppure\u00a0dal\u00a0Consular\u00a0Report of Birth Abroad\u00a0(<u>solo per i cittadini statunitensi nati fuori dagli USA<\/u>).<\/p>\n<p>d) <strong>per i minori italiani nati all\u2019estero<\/strong>, nel caso si tratti del rilascio del primo passaporto, sara\u2019 necessario che il certificato di nascita sia stato inviato, tramite il Consolato, al Comune AIRE di riferimento per la relativa registrazione (v. informazioni alla pagina di Stato Civile) ed esibire il passaporto in corso di validita\u2019della propria nazionalita&#8217; di origine.<\/p>\n<p><strong>I<\/strong><strong>n aggiunta a quanto richiesto ai punti\u00a0A, B, C e D, <\/strong>occorre inoltre la <strong>presenza fisica del\/dei<u> minore<\/u>\/i e di <u>entrambi i genitori<\/u>.<\/strong>\u00a0Nel caso in cui uno dei genitori sia impossibilitato a presentarsi personalmente, dovra\u2019 compilare e firmare <a href=\"https:\/\/consboston.esteri.it\/wp-content\/uploads\/2023\/09\/assensoperminori.pdf\" target=\"_blank\" rel=\"noopener\">l\u2019atto d\u2019assenso<\/a>. Se il genitore che rilascia l\u2019atto di assenso e\u2019 cittadino dell\u2019Unione Europea, occorre allegare all\u2019atto di assenso fotocopia di un documento valido di identit\u00e0; altrimenti la firma deve essere autenticata da un Notary Public se negli USA oppure da un soggetto abilitato all\u2019autentica (Questura o Comune se residente\u00a0in Italia) oppure (Consolato italiano se residente in un altro Paese).<\/p>\n<\/div>\n<\/div>\n<div>\n<p><button type=\"button\" data-toggle=\"collapse\" data-target=\"#caso-urgenza\">Cosa fare in caso di urgenza<\/button><\/p>\n<div id=\"caso-urgenza\" class=\"collapse\">\n<p>In caso di comprovata urgenza si prega di inviare una email il prima possibile all\u2019ufficio passaporti <a href=\"mailto:passaporti.boston@esteri.it\">passaporti.boston@esteri.it<\/a> spiegando il motivo dell\u2019urgenza e allegando copia della documentazione a supporto per determinare tale emergenza.<\/p>\n<p>Il possesso di un <strong><span style=\"text-decoration: underline;\">biglietto aereo non pu\u00f2 essere considerato un valido motivo d\u2019urgenza per il rilascio del passaporto con procedura accelerata<\/span><\/strong>.<\/p>\n<p>I benefici della procedura d\u2019urgenza per motivi di lavoro e salute <strong>NON<\/strong> potranno in alcun modo essere estesi anche ai familiari del titolare.<\/p>\n<p>Di seguito le casistiche pi\u00f9 comuni:<\/p>\n<p>\u2022 Per rientro in Italia o nel paese di residenza per motivi di studio, lavoro o salute;<\/p>\n<p>\u2022 furto o smarrimento di passaporto in corso di validita&#8217;, se si tratta dell&#8217;unico documento di viaggio posseduto;<\/p>\n<p>\u2022 deterioramento;<\/p>\n<p>\u2022 esaurimento pagine per visti o timbri di ingresso;<\/p>\n<p>\u2022 rinnovo Visto USA.<\/p>\n<\/div>\n<\/div>\n<div>\n<p><button type=\"button\" data-toggle=\"collapse\" data-target=\"#furto-smarrimento\">Cosa fare in caso di furto o smarrimento<\/button><\/p>\n<div id=\"furto-smarrimento\" class=\"collapse\">\n<p>In caso di furto o smarrimento bisogna immediatamente sporgere denuncia presso la stazione di polizia del luogo dove \u00e8 avvenuto il furto o lo smarrimento.<\/p>\n<p><strong>Procedura per la richiesta di documento in caso di emergenza:<\/strong><\/p>\n<p>\u2022 Contattare questo Consolato inviando una email a <a href=\"mailto:passaporti.boston@esteri.it\">passaporti.boston@esteri.it<\/a>, allegando copia della denuncia di furto o smarrimento di passaporto in corso di validita&#8217;, se si tratta dell&#8217;unico documento di viaggio posseduto;<\/p>\n<p>\u2022 Portare l\u2019originale della denuncia al momento della presentazione della richiesta di passaporto.<\/p>\n<p>\u2022 1 fotografia a colori in formato europeo 35mm x 40mm (European size) oppure 1.5&#8243;x1.5&#8243; (istruzioni fotografie).<\/p>\n<p>\u2022 Money order o cashier check relativo al pagamento della percezione consolare (<a href=\"https:\/\/consboston.esteri.it\/it\/servizi-consolari-e-visti\/servizi-per-il-cittadino-italiano\/altri-servizi-2\/percezioni-consolari\/\" target=\"_blank\" rel=\"noopener\">clicca qui<\/a>).<\/p>\n<p>\u2022 In caso di minori e\u2019 richiesto l\u2019assenso da parte di entrambi i genitori (v. Cosa serve per il rilascio del passaporto per un minore di 18 anni\u00a0); in caso il connazionale abbia figli minori (v. Cosa serve se il richiedente il passaporto ha figli minori di 18 anni).<\/p>\n<p><strong>I connazionali di passaggio<\/strong> per turismo o affari che abbiano subito un furto o lo smarrimento dei loro documenti, potranno richiedere un documento di viaggio (Emergency Travel Document) per il solo rientro in Italia o verso lo Stato di residenza permanente, e dovranno:<\/p>\n<p>\u2022 Contattare questo Consolato inviando una email a <a href=\"mailto:passaporti.boston@esteri.it\">passaporti.boston@esteri.it<\/a>, anticipando via email copia della denuncia di furto o smarrimento;<\/p>\n<p>\u2022 Portare l\u2019originale della denuncia al momento della presentazione della domanda;<\/p>\n<p>\u2022 2 fotografie a colori in formato europeo 35mm x 40mm (European size) oppure 1.5&#8243;x1.5&#8243;<\/p>\n<\/div>\n<\/div>\n<div>\n<p><button type=\"button\" data-toggle=\"collapse\" data-target=\"#passport-valid\">Validita\u2019 del passaporto<\/button><\/p>\n<div id=\"passport-valid\" class=\"collapse\">\n<p>La validita\u2019 temporale del passaporto differisce in base all\u2019eta\u2019 del titolare:<\/p>\n<p>\u2022 minori da 0 a 3 anni &#8211; validita\u2019 3 anni;<\/p>\n<p>\u2022 minori da 3 a 18 anni &#8211; validita\u2019 5 anni;<\/p>\n<p>\u2022 maggiorenni &#8211; validita\u2019 10 anni.<\/p>\n<\/div>\n<\/div>\n<p>&nbsp;<\/p>\n<p><strong>Informazioni e moduli:<\/strong><\/p>\n<p>\u2022 <a href=\"https:\/\/prenotami.esteri.it\/\" target=\"_blank\" rel=\"noopener\">Prenota l&#8217;appuntamento<\/a><\/p>\n<p>\u2022 <a href=\"https:\/\/consboston.esteri.it\/wp-content\/uploads\/2023\/09\/assensoperminori.pdf\" target=\"_blank\" rel=\"noopener\">Assenso per rilascio passaporto a minorenni<\/a><\/p>\n<p>&nbsp;<\/p>\n","protected":false},"excerpt":{"rendered":"Si raccomanda di prenotare l\u2019appuntamento con congruo anticipo rispetto alla data di scadenza del libretto. In alcuni periodi dell\u2019anno, le numerose richieste di appuntamento da parte dell\u2019utenza potrebbero allungare il tempo di attesa per il primo appuntamento disponibile. I cittadini italiani con eta\u2019 superiore ai 75 anni possono prendere un appuntamento inviando una email a [&hellip;]","protected":false},"author":3,"featured_media":362,"parent":59,"menu_order":10,"comment_status":"closed","ping_status":"closed","template":"","meta":{"footnotes":""},"class_list":["post-330","page","type-page","status-publish","has-post-thumbnail","hentry"],"_links":{"self":[{"href":"https:\/\/consboston.esteri.it\/it\/wp-json\/wp\/v2\/pages\/330","targetHints":{"allow":["GET"]}}],"collection":[{"href":"https:\/\/consboston.esteri.it\/it\/wp-json\/wp\/v2\/pages"}],"about":[{"href":"https:\/\/consboston.esteri.it\/it\/wp-json\/wp\/v2\/types\/page"}],"author":[{"embeddable":true,"href":"https:\/\/consboston.esteri.it\/it\/wp-json\/wp\/v2\/users\/3"}],"replies":[{"embeddable":true,"href":"https:\/\/consboston.esteri.it\/it\/wp-json\/wp\/v2\/comments?post=330"}],"version-history":[{"count":6,"href":"https:\/\/consboston.esteri.it\/it\/wp-json\/wp\/v2\/pages\/330\/revisions"}],"predecessor-version":[{"id":5737,"href":"https:\/\/consboston.esteri.it\/it\/wp-json\/wp\/v2\/pages\/330\/revisions\/5737"}],"up":[{"embeddable":true,"href":"https:\/\/consboston.esteri.it\/it\/wp-json\/wp\/v2\/pages\/59"}],"wp:featuredmedia":[{"embeddable":true,"href":"https:\/\/consboston.esteri.it\/it\/wp-json\/wp\/v2\/media\/362"}],"wp:attachment":[{"href":"https:\/\/consboston.esteri.it\/it\/wp-json\/wp\/v2\/media?parent=330"}],"curies":[{"name":"wp","href":"https:\/\/api.w.org\/{rel}","templated":true}]}}