{"id":1507,"date":"2023-08-28T12:00:02","date_gmt":"2023-08-28T16:00:02","guid":{"rendered":"https:\/\/consboston.esteri.it\/?page_id=1507"},"modified":"2024-12-02T10:39:29","modified_gmt":"2024-12-02T14:39:29","slug":"festivita-osservate","status":"publish","type":"page","link":"https:\/\/consboston.esteri.it\/it\/chi-siamo\/contatti\/festivita-osservate\/","title":{"rendered":"Festivit\u00e0 osservate"},"content":{"rendered":"<p>Il Consolato Generale \u00e8 chiuso il sabato e la domenica.<\/p>\n<p>Sar\u00e0 inoltre chiuso per le seguenti\u00a0<strong>festivit\u00e0 <\/strong>nel <strong>2025<\/strong>:<\/p>\n<table class=\"table\" align=\"center\">\n<tbody>\n<tr>\n<td>mercoled\u00ec<\/td>\n<td>1<\/td>\n<td>gennaio<\/td>\n<td>capodanno<\/td>\n<\/tr>\n<tr>\n<td>luned\u00ec<\/td>\n<td>17<\/td>\n<td>febbraio<\/td>\n<td>Presidents&#8217; day<\/td>\n<\/tr>\n<tr>\n<td>luned\u00ec<\/td>\n<td>21<\/td>\n<td>aprile<\/td>\n<td>Luned\u00ec Dell\u2019Angelo<\/td>\n<\/tr>\n<tr>\n<td>luned\u00ec<\/td>\n<td>26<\/td>\n<td>maggio<\/td>\n<td>Memorial Day<\/td>\n<\/tr>\n<tr>\n<td>lunedi<\/td>\n<td>02<\/td>\n<td>giugno<\/td>\n<td>Festa Della Repubblica<\/td>\n<\/tr>\n<tr>\n<td>venerd\u00ec<\/td>\n<td>04<\/td>\n<td>luglio<\/td>\n<td>Independence Day<\/td>\n<\/tr>\n<tr>\n<td>luned\u00ec<\/td>\n<td>01<\/td>\n<td>settembre<\/td>\n<td>Labor Day<\/td>\n<\/tr>\n<tr>\n<td>luned\u00ec<\/td>\n<td>13<\/td>\n<td>ottobre<\/td>\n<td>Columbus Day<\/td>\n<\/tr>\n<tr>\n<td>gioved\u00ec<\/td>\n<td>27<\/td>\n<td>novembre<\/td>\n<td>Thanksgiving Day<\/td>\n<\/tr>\n<tr>\n<td>gioved\u00ec<\/td>\n<td>25<\/td>\n<td>dicembre<\/td>\n<td>Natale<\/td>\n<\/tr>\n<tr>\n<td>venerd\u00ec<\/td>\n<td>26<\/td>\n<td>dicembre<\/td>\n<td>Santo Stefano<\/td>\n<\/tr>\n<\/tbody>\n<\/table>\n","protected":false},"excerpt":{"rendered":"Il Consolato Generale \u00e8 chiuso il sabato e la domenica. Sar\u00e0 inoltre chiuso per le seguenti\u00a0festivit\u00e0 nel 2025: mercoled\u00ec 1 gennaio capodanno luned\u00ec 17 febbraio Presidents&#8217; day luned\u00ec 21 aprile Luned\u00ec Dell\u2019Angelo luned\u00ec 26 maggio Memorial Day lunedi 02 giugno Festa Della Repubblica venerd\u00ec 04 luglio Independence Day luned\u00ec 01 settembre Labor Day luned\u00ec 13 [&hellip;]","protected":false},"author":7,"featured_media":0,"parent":37,"menu_order":0,"comment_status":"closed","ping_status":"closed","template":"","meta":{"footnotes":""},"class_list":["post-1507","page","type-page","status-publish","hentry"],"_links":{"self":[{"href":"https:\/\/consboston.esteri.it\/it\/wp-json\/wp\/v2\/pages\/1507","targetHints":{"allow":["GET"]}}],"collection":[{"href":"https:\/\/consboston.esteri.it\/it\/wp-json\/wp\/v2\/pages"}],"about":[{"href":"https:\/\/consboston.esteri.it\/it\/wp-json\/wp\/v2\/types\/page"}],"author":[{"embeddable":true,"href":"https:\/\/consboston.esteri.it\/it\/wp-json\/wp\/v2\/users\/7"}],"replies":[{"embeddable":true,"href":"https:\/\/consboston.esteri.it\/it\/wp-json\/wp\/v2\/comments?post=1507"}],"version-history":[{"count":6,"href":"https:\/\/consboston.esteri.it\/it\/wp-json\/wp\/v2\/pages\/1507\/revisions"}],"predecessor-version":[{"id":3584,"href":"https:\/\/consboston.esteri.it\/it\/wp-json\/wp\/v2\/pages\/1507\/revisions\/3584"}],"up":[{"embeddable":true,"href":"https:\/\/consboston.esteri.it\/it\/wp-json\/wp\/v2\/pages\/37"}],"wp:attachment":[{"href":"https:\/\/consboston.esteri.it\/it\/wp-json\/wp\/v2\/media?parent=1507"}],"curies":[{"name":"wp","href":"https:\/\/api.w.org\/{rel}","templated":true}]}}